{"id":2078,"date":"2022-12-26T12:09:30","date_gmt":"2022-12-26T12:09:30","guid":{"rendered":"https:\/\/teambrotherfishing.com\/?page_id=2078"},"modified":"2026-03-28T12:52:17","modified_gmt":"2026-03-28T16:52:17","slug":"home","status":"publish","type":"page","link":"https:\/\/teambrotherfishing.com\/en\/","title":{"rendered":"Home"},"content":{"rendered":"<div data-elementor-type=\"wp-page\" data-elementor-id=\"2078\" class=\"elementor elementor-2078\" data-elementor-post-type=\"page\">\n\t\t\t\t\t\t<section class=\"elementor-section elementor-top-section elementor-element elementor-element-153a318 elementor-section-boxed elementor-section-height-default elementor-section-height-default\" data-id=\"153a318\" data-element_type=\"section\" data-e-type=\"section\">\n\t\t\t\t\t\t<div class=\"elementor-container elementor-column-gap-default\">\n\t\t\t\t\t<div class=\"elementor-column elementor-col-100 elementor-top-column elementor-element elementor-element-ac65d9d\" data-id=\"ac65d9d\" data-element_type=\"column\" data-e-type=\"column\">\n\t\t\t<div class=\"elementor-widget-wrap elementor-element-populated\">\n\t\t\t\t\t\t<div class=\"elementor-element elementor-element-5bb1cb6 elementor-widget elementor-widget-image\" data-id=\"5bb1cb6\" data-element_type=\"widget\" data-e-type=\"widget\" data-widget_type=\"image.default\">\n\t\t\t\t<div class=\"elementor-widget-container\">\n\t\t\t\t\t\t\t\t\t\t\t\t\t\t\t<img fetchpriority=\"high\" decoding=\"async\" width=\"300\" height=\"232\" src=\"https:\/\/teambrotherfishing.com\/wp-content\/uploads\/2022\/12\/cropped-cropped-cropped-IMG_2842-103x80.jpg\" class=\"attachment-medium size-medium wp-image-1544\" alt=\"\" srcset=\"https:\/\/teambrotherfishing.com\/wp-content\/uploads\/2022\/12\/cropped-cropped-cropped-IMG_2842-300x232.jpg 300w, https:\/\/teambrotherfishing.com\/wp-content\/uploads\/2022\/12\/cropped-cropped-cropped-IMG_2842-1024x791.jpg 1024w, https:\/\/teambrotherfishing.com\/wp-content\/uploads\/2022\/12\/cropped-cropped-cropped-IMG_2842-768x593.jpg 768w, https:\/\/teambrotherfishing.com\/wp-content\/uploads\/2022\/12\/cropped-cropped-cropped-IMG_2842-16x12.jpg 16w, https:\/\/teambrotherfishing.com\/wp-content\/uploads\/2022\/12\/cropped-cropped-cropped-IMG_2842-103x80.jpg 103w, https:\/\/teambrotherfishing.com\/wp-content\/uploads\/2022\/12\/cropped-cropped-cropped-IMG_2842.jpg 1063w\" sizes=\"(max-width: 300px) 100vw, 300px\" \/>\t\t\t\t\t\t\t\t\t\t\t\t\t\t\t<\/div>\n\t\t\t\t<\/div>\n\t\t\t\t<div class=\"elementor-element elementor-element-b8fb975 elementor-blockquote--skin-border elementor-widget elementor-widget-blockquote\" data-id=\"b8fb975\" data-element_type=\"widget\" data-e-type=\"widget\" data-widget_type=\"blockquote.default\">\n\t\t\t\t<div class=\"elementor-widget-container\">\n\t\t\t\t\t\t\t<blockquote class=\"elementor-blockquote\">\n\t\t\t<p class=\"elementor-blockquote__content\">\n\t\t\t\tFor 10 years now, we've been organizing fishing events dedicated to kayakers across Quebec. Passionate about fishing, our mission is to take our magnificent sport to the next level.\n\nAt Team Brother Fishing, every event is designed to offer a unique, friendly and memorable experience. Come and experience TBF with us - you won't be disappointed.\n\nWe look forward to seeing you on the water!\t\t\t<\/p>\n\t\t\t\t\t\t\t<div class=\"e-q-footer\">\n\t\t\t\t\t\t\t\t\t\t\t<cite class=\"elementor-blockquote__author\">Steve P\u00e9loquin<\/cite>\n\t\t\t\t\t\t\t\t\t\t\t\t\t\t<\/div>\n\t\t\t\t\t<\/blockquote>\n\t\t\t\t\t\t<\/div>\n\t\t\t\t<\/div>\n\t\t\t\t\t<\/div>\n\t\t<\/div>\n\t\t\t\t\t<\/div>\n\t\t<\/section>\n\t\t\t\t<\/div>","protected":false},"excerpt":{"rendered":"<p>Depuis maintenant 10 ans, nous organisons des \u00e9v\u00e9nements de p\u00eache d\u00e9di\u00e9s aux kayakistes \u00e0 travers le Qu\u00e9bec. Passionn\u00e9s de p\u00eache, nous avons pour mission de faire passer notre magnifique sport au niveau sup\u00e9rieur. Chez Team Brother Fishing, chaque \u00e9v\u00e9nement est pens\u00e9 pour offrir une exp\u00e9rience unique, conviviale et m\u00e9morable. Venez vivre l\u2019exp\u00e9rience TBF avec nous [&hellip;]<\/p>\n","protected":false},"author":1,"featured_media":1544,"parent":0,"menu_order":0,"comment_status":"closed","ping_status":"closed","template":"","meta":{"_seopress_robots_primary_cat":"","_seopress_titles_title":"","_seopress_titles_desc":"","_seopress_robots_index":"","site-sidebar-layout":"no-sidebar","site-content-layout":"page-builder","ast-site-content-layout":"full-width-container","site-content-style":"unboxed","site-sidebar-style":"unboxed","ast-global-header-display":"","ast-banner-title-visibility":"","ast-main-header-display":"","ast-hfb-above-header-display":"","ast-hfb-below-header-display":"","ast-hfb-mobile-header-display":"","site-post-title":"disabled","ast-breadcrumbs-content":"","ast-featured-img":"disabled","footer-sml-layout":"","ast-disable-related-posts":"","theme-transparent-header-meta":"","adv-header-id-meta":"","stick-header-meta":"","header-above-stick-meta":"","header-main-stick-meta":"","header-below-stick-meta":"","astra-migrate-meta-layouts":"set","ast-page-background-enabled":"default","ast-page-background-meta":{"desktop":{"background-color":"var(--ast-global-color-4)","background-image":"","background-repeat":"repeat","background-position":"center center","background-size":"auto","background-attachment":"scroll","background-type":"","background-media":"","overlay-type":"","overlay-color":"","overlay-opacity":"","overlay-gradient":""},"tablet":{"background-color":"","background-image":"","background-repeat":"repeat","background-position":"center center","background-size":"auto","background-attachment":"scroll","background-type":"","background-media":"","overlay-type":"","overlay-color":"","overlay-opacity":"","overlay-gradient":""},"mobile":{"background-color":"","background-image":"","background-repeat":"repeat","background-position":"center center","background-size":"auto","background-attachment":"scroll","background-type":"","background-media":"","overlay-type":"","overlay-color":"","overlay-opacity":"","overlay-gradient":""}},"ast-content-background-meta":{"desktop":{"background-color":"var(--ast-global-color-5)","background-image":"","background-repeat":"repeat","background-position":"center center","background-size":"auto","background-attachment":"scroll","background-type":"","background-media":"","overlay-type":"","overlay-color":"","overlay-opacity":"","overlay-gradient":""},"tablet":{"background-color":"var(--ast-global-color-5)","background-image":"","background-repeat":"repeat","background-position":"center center","background-size":"auto","background-attachment":"scroll","background-type":"","background-media":"","overlay-type":"","overlay-color":"","overlay-opacity":"","overlay-gradient":""},"mobile":{"background-color":"var(--ast-global-color-5)","background-image":"","background-repeat":"repeat","background-position":"center center","background-size":"auto","background-attachment":"scroll","background-type":"","background-media":"","overlay-type":"","overlay-color":"","overlay-opacity":"","overlay-gradient":""}},"footnotes":""},"class_list":["post-2078","page","type-page","status-publish","has-post-thumbnail","hentry"],"_links":{"self":[{"href":"https:\/\/teambrotherfishing.com\/en\/wp-json\/wp\/v2\/pages\/2078","targetHints":{"allow":["GET"]}}],"collection":[{"href":"https:\/\/teambrotherfishing.com\/en\/wp-json\/wp\/v2\/pages"}],"about":[{"href":"https:\/\/teambrotherfishing.com\/en\/wp-json\/wp\/v2\/types\/page"}],"author":[{"embeddable":true,"href":"https:\/\/teambrotherfishing.com\/en\/wp-json\/wp\/v2\/users\/1"}],"replies":[{"embeddable":true,"href":"https:\/\/teambrotherfishing.com\/en\/wp-json\/wp\/v2\/comments?post=2078"}],"version-history":[{"count":41,"href":"https:\/\/teambrotherfishing.com\/en\/wp-json\/wp\/v2\/pages\/2078\/revisions"}],"predecessor-version":[{"id":9639,"href":"https:\/\/teambrotherfishing.com\/en\/wp-json\/wp\/v2\/pages\/2078\/revisions\/9639"}],"wp:featuredmedia":[{"embeddable":true,"href":"https:\/\/teambrotherfishing.com\/en\/wp-json\/wp\/v2\/media\/1544"}],"wp:attachment":[{"href":"https:\/\/teambrotherfishing.com\/en\/wp-json\/wp\/v2\/media?parent=2078"}],"curies":[{"name":"wp","href":"https:\/\/api.w.org\/{rel}","templated":true}]}}